{"id":393,"date":"2020-12-19T21:52:05","date_gmt":"2020-12-19T21:52:05","guid":{"rendered":"https:\/\/histambar.com\/?page_id=393"},"modified":"2021-02-23T17:19:45","modified_gmt":"2021-02-23T17:19:45","slug":"quienes-somos","status":"publish","type":"page","link":"https:\/\/histambar.com\/es\/quienes-somos\/","title":{"rendered":"Qui\u00e9nes somos"},"content":{"rendered":"\n<p class=\"has-medium-font-size\">Lo que nos toca y nos llama la atenci\u00f3n no est\u00e1 necesariamente y \u00fanicamente relacionado con la est\u00e9tica.<\/p>\n\n\n\n<p class=\"has-medium-font-size\">Hay arquitecturas que se pueden admirar como hermosos trajes pero que te dejan indiferente.<\/p>\n\n\n\n<p class=\"has-medium-font-size\">Hay lugares que muestran esplendor, pero cuyo coraz\u00f3n est\u00e1 seco.<\/p>\n\n\n\n<p class=\"has-medium-font-size\">Hay ambientes que se supone que son alegres y festivos, pero est\u00e1n vac\u00edos de amor.<\/p>\n\n\n\n<p class=\"has-medium-font-size\">Con el tiempo y a lo largo del camino, hemos resuelto todas estas falsas pretensiones. Los lugares que nos emocionan son los que merecen nuestra atenci\u00f3n. As\u00ed, en cada uno de nuestros viajes, siempre hay un encuentro con una sensaci\u00f3n que sobresale, nos seduce o nos cuestiona. Puede venir de una abad\u00eda, un edificio, una fuente, un color, un jard\u00edn&#8230; Al principio es indecible y de repente nos abruma. Porque detr\u00e1s de este muro, estas plantas, este balc\u00f3n o esto teatro, ha habido una historia a menudo fuera de lo com\u00fan.&nbsp;<\/p>\n\n\n\n<p class=\"has-medium-font-size\">A veces lo sab\u00edamos antes y otras veces no lo sab\u00edamos en absoluto. Pero cada vez, la magia funcion\u00f3. Si la historia que precedi\u00f3 a la obra, no importa cu\u00e1n modesta o grandiosa fuera, era fascinante, asombrosa o incre\u00edble, cada fibra de nuestro cuerpo y cada latido de nuestro coraz\u00f3n lo sab\u00eda.<\/p>\n\n\n\n<p class=\"has-medium-font-size\">HISTAMBAR* es la colecci\u00f3n de estas historias y \u00abnuestras\u00bb historias. Una colecci\u00f3n de atm\u00f3sferas y arquitecturas que hemos visitado y amado.&nbsp;<strong>Una interpretaci\u00f3n personal de nuestros encuentros.<\/strong>&nbsp;Es un viaje a trav\u00e9s de los hombres y mujeres que a menudo se esconden detr\u00e1s de una fachada, que a veces el tiempo ha arrastrado pero cuyos logros han quedado para siempre como testigos de una visi\u00f3n, una pasi\u00f3n y a veces incluso una locura. El fr\u00e1gil testigo de la humanidad.<\/p>\n\n\n\n<p class=\"has-medium-font-size\">Claudia y R\u00e9gis.<\/p>\n\n\n\n<p class=\"has-vivid-cyan-blue-color has-text-color has-medium-font-size\">Los textos son de Claudia y las fotos de R\u00e9gis (a menos que se indique lo contrario)<\/p>\n\n\n\n<ul><li>HIST AMB AR significa Historias de ambiente y arquitectura<\/li><\/ul>\n\n\n\n<figure class=\"wp-block-image size-large\"><img decoding=\"async\" loading=\"lazy\" width=\"768\" height=\"1024\" src=\"https:\/\/histambar.com\/wp-content\/uploads\/2020\/12\/IMG-20201219-WA0000-768x1024.jpg\" alt=\"\" class=\"wp-image-394\" srcset=\"https:\/\/histambar.com\/wp-content\/uploads\/2020\/12\/IMG-20201219-WA0000-768x1024.jpg 768w, https:\/\/histambar.com\/wp-content\/uploads\/2020\/12\/IMG-20201219-WA0000-225x300.jpg 225w, https:\/\/histambar.com\/wp-content\/uploads\/2020\/12\/IMG-20201219-WA0000-1152x1536.jpg 1152w, https:\/\/histambar.com\/wp-content\/uploads\/2020\/12\/IMG-20201219-WA0000-1080x1440.jpg 1080w, https:\/\/histambar.com\/wp-content\/uploads\/2020\/12\/IMG-20201219-WA0000.jpg 1200w\" sizes=\"(max-width: 768px) 100vw, 768px\" \/><\/figure>\n","protected":false},"excerpt":{"rendered":"<p>Lo que nos toca y nos llama la atenci\u00f3n no est\u00e1 necesariamente y \u00fanicamente relacionado con la est\u00e9tica. Hay arquitecturas que se pueden admirar como hermosos trajes pero que te dejan indiferente. Hay lugares que muestran esplendor, pero cuyo coraz\u00f3n est\u00e1 seco. Hay ambientes que se supone que son alegres y festivos, pero est\u00e1n vac\u00edos de amor. Con el tiempo y a lo largo del camino, hemos resuelto todas estas falsas pretensiones. Los lugares que nos emocionan son los que merecen nuestra atenci\u00f3n. As\u00ed, en cada uno de nuestros viajes, siempre hay un encuentro con una sensaci\u00f3n que sobresale, nos seduce o nos cuestiona. Puede venir de una abad\u00eda, un edificio, una fuente, un color, un jard\u00edn&#8230; Al principio es indecible y de repente nos abruma. Porque detr\u00e1s de este muro, estas plantas, este balc\u00f3n o esto teatro, ha habido una historia a menudo fuera de lo com\u00fan.&nbsp; A veces lo sab\u00edamos antes y otras veces no lo sab\u00edamos en absoluto. Pero cada vez, la magia funcion\u00f3. Si la historia que precedi\u00f3 a la obra, no importa cu\u00e1n modesta o grandiosa fuera, era fascinante, asombrosa o incre\u00edble, cada fibra de nuestro cuerpo y cada latido de nuestro coraz\u00f3n lo sab\u00eda. [&hellip;]<\/p>\n","protected":false},"author":1,"featured_media":0,"parent":0,"menu_order":0,"comment_status":"closed","ping_status":"closed","template":"","meta":{"_monsterinsights_skip_tracking":false,"_monsterinsights_sitenote_active":false,"_monsterinsights_sitenote_note":"","_monsterinsights_sitenote_category":0},"tags":[],"_links":{"self":[{"href":"https:\/\/histambar.com\/es\/wp-json\/wp\/v2\/pages\/393"}],"collection":[{"href":"https:\/\/histambar.com\/es\/wp-json\/wp\/v2\/pages"}],"about":[{"href":"https:\/\/histambar.com\/es\/wp-json\/wp\/v2\/types\/page"}],"author":[{"embeddable":true,"href":"https:\/\/histambar.com\/es\/wp-json\/wp\/v2\/users\/1"}],"replies":[{"embeddable":true,"href":"https:\/\/histambar.com\/es\/wp-json\/wp\/v2\/comments?post=393"}],"version-history":[{"count":4,"href":"https:\/\/histambar.com\/es\/wp-json\/wp\/v2\/pages\/393\/revisions"}],"predecessor-version":[{"id":1227,"href":"https:\/\/histambar.com\/es\/wp-json\/wp\/v2\/pages\/393\/revisions\/1227"}],"wp:attachment":[{"href":"https:\/\/histambar.com\/es\/wp-json\/wp\/v2\/media?parent=393"}],"wp:term":[{"taxonomy":"post_tag","embeddable":true,"href":"https:\/\/histambar.com\/es\/wp-json\/wp\/v2\/tags?post=393"}],"curies":[{"name":"wp","href":"https:\/\/api.w.org\/{rel}","templated":true}]}}